{"id":130672,"date":"2026-02-13T04:04:19","date_gmt":"2026-02-13T04:04:19","guid":{"rendered":"https:\/\/apaarti.id\/kniebiens\/"},"modified":"2026-02-13T04:04:19","modified_gmt":"2026-02-13T04:04:19","slug":"tweak-3","status":"publish","type":"page","link":"https:\/\/apaarti.id\/id\/kniebiens\/","title":{"rendered":"tweak"},"content":{"rendered":"<p><strong>tweak:<\/strong>\u00a0pencapaian satu kali \u2192 tweak (1)<\/p>\n<p>&nbsp;<\/p>\n<p><strong>Penggunaan:<\/strong>\u00a0Tidak terdefinisi<br \/>\n<strong>Tips:<\/strong>\u00a0Beranda<br \/>\n<strong>Kelas kata:<\/strong>\u00a0Kata benda<\/p>","protected":false},"excerpt":{"rendered":"<p>kniebiens:\u00a0vienreiz\u0113ja paveikta darb\u012bba \u2192 kniebt (1) &nbsp; Lietojums:\u00a0Nenoteikts Tips:\u00a0Galvenais V\u0101rd\u0161\u0137ira:\u00a0Lietv\u0101rds<\/p>","protected":false},"author":1,"featured_media":0,"parent":0,"menu_order":0,"comment_status":"closed","ping_status":"open","template":"","meta":{"site-sidebar-layout":"default","site-content-layout":"","ast-site-content-layout":"default","site-content-style":"default","site-sidebar-style":"default","ast-global-header-display":"","ast-banner-title-visibility":"","ast-main-header-display":"","ast-hfb-above-header-display":"","ast-hfb-below-header-display":"","ast-hfb-mobile-header-display":"","site-post-title":"","ast-breadcrumbs-content":"","ast-featured-img":"","footer-sml-layout":"","ast-disable-related-posts":"","theme-transparent-header-meta":"","adv-header-id-meta":"","stick-header-meta":"","header-above-stick-meta":"","header-main-stick-meta":"","header-below-stick-meta":"","astra-migrate-meta-layouts":"default","ast-page-background-enabled":"default","ast-page-background-meta":{"desktop":{"background-color":"var(--ast-global-color-4)","background-image":"","background-repeat":"repeat","background-position":"center center","background-size":"auto","background-attachment":"scroll","background-type":"","background-media":"","overlay-type":"","overlay-color":"","overlay-opacity":"","overlay-gradient":""},"tablet":{"background-color":"","background-image":"","background-repeat":"repeat","background-position":"center center","background-size":"auto","background-attachment":"scroll","background-type":"","background-media":"","overlay-type":"","overlay-color":"","overlay-opacity":"","overlay-gradient":""},"mobile":{"background-color":"","background-image":"","background-repeat":"repeat","background-position":"center center","background-size":"auto","background-attachment":"scroll","background-type":"","background-media":"","overlay-type":"","overlay-color":"","overlay-opacity":"","overlay-gradient":""}},"ast-content-background-meta":{"desktop":{"background-color":"var(--ast-global-color-5)","background-image":"","background-repeat":"repeat","background-position":"center center","background-size":"auto","background-attachment":"scroll","background-type":"","background-media":"","overlay-type":"","overlay-color":"","overlay-opacity":"","overlay-gradient":""},"tablet":{"background-color":"var(--ast-global-color-5)","background-image":"","background-repeat":"repeat","background-position":"center center","background-size":"auto","background-attachment":"scroll","background-type":"","background-media":"","overlay-type":"","overlay-color":"","overlay-opacity":"","overlay-gradient":""},"mobile":{"background-color":"var(--ast-global-color-5)","background-image":"","background-repeat":"repeat","background-position":"center center","background-size":"auto","background-attachment":"scroll","background-type":"","background-media":"","overlay-type":"","overlay-color":"","overlay-opacity":"","overlay-gradient":""}},"footnotes":""},"vardnica":[7],"class_list":["post-130672","page","type-page","status-publish","hentry","vardnica-nenoteikts"],"yoast_head":"<!-- This site is optimized with the Yoast SEO plugin v27.1.1 - https:\/\/yoast.com\/product\/yoast-seo-wordpress\/ -->\n<title>kniebiens - apaarti.id<\/title>\n<meta name=\"robots\" content=\"index, follow, max-snippet:-1, max-image-preview:large, max-video-preview:-1\" \/>\n<link rel=\"canonical\" href=\"https:\/\/apaarti.id\/id\/tweak-3\/\" \/>\n<meta property=\"og:locale\" content=\"id_ID\" \/>\n<meta property=\"og:type\" content=\"article\" \/>\n<meta property=\"og:title\" content=\"kniebiens - apaarti.id\" \/>\n<meta property=\"og:description\" content=\"kniebiens:\u00a0vienreiz\u0113ja paveikta darb\u012bba \u2192 kniebt (1) &nbsp; Lietojums:\u00a0Nenoteikts Tips:\u00a0Galvenais V\u0101rd\u0161\u0137ira:\u00a0Lietv\u0101rds\" \/>\n<meta property=\"og:url\" content=\"https:\/\/apaarti.id\/id\/tweak-3\/\" \/>\n<meta property=\"og:site_name\" content=\"apaarti.id\" \/>\n<meta name=\"twitter:card\" content=\"summary_large_image\" \/>\n<script type=\"application\/ld+json\" class=\"yoast-schema-graph\">{\"@context\":\"https:\/\/schema.org\",\"@graph\":[{\"@type\":\"WebPage\",\"@id\":\"https:\/\/apaarti.id\/id\/kniebiens\/\",\"url\":\"https:\/\/apaarti.id\/id\/kniebiens\/\",\"name\":\"kniebiens - apaarti.id\",\"isPartOf\":{\"@id\":\"https:\/\/apaarti.id\/id\/#website\"},\"datePublished\":\"2026-02-13T04:04:19+00:00\",\"breadcrumb\":{\"@id\":\"https:\/\/apaarti.id\/id\/kniebiens\/#breadcrumb\"},\"inLanguage\":\"id\",\"potentialAction\":[{\"@type\":\"ReadAction\",\"target\":[\"https:\/\/apaarti.id\/id\/kniebiens\/\"]}]},{\"@type\":\"BreadcrumbList\",\"@id\":\"https:\/\/apaarti.id\/id\/kniebiens\/#breadcrumb\",\"itemListElement\":[{\"@type\":\"ListItem\",\"position\":1,\"name\":\"Home\",\"item\":\"https:\/\/apaarti.id\/id\/\"},{\"@type\":\"ListItem\",\"position\":2,\"name\":\"kniebiens\"}]},{\"@type\":\"WebSite\",\"@id\":\"https:\/\/apaarti.id\/id\/#website\",\"url\":\"https:\/\/apaarti.id\/id\/\",\"name\":\"apaarti.id\",\"description\":\"Arti kata\",\"publisher\":{\"@id\":\"https:\/\/apaarti.id\/id\/#organization\"},\"potentialAction\":[{\"@type\":\"SearchAction\",\"target\":{\"@type\":\"EntryPoint\",\"urlTemplate\":\"https:\/\/apaarti.id\/id\/?s={search_term_string}\"},\"query-input\":{\"@type\":\"PropertyValueSpecification\",\"valueRequired\":true,\"valueName\":\"search_term_string\"}}],\"inLanguage\":\"id\"},{\"@type\":\"Organization\",\"@id\":\"https:\/\/apaarti.id\/id\/#organization\",\"name\":\"apaarti.id\",\"url\":\"https:\/\/apaarti.id\/id\/\",\"logo\":{\"@type\":\"ImageObject\",\"inLanguage\":\"id\",\"@id\":\"https:\/\/apaarti.id\/id\/#\/schema\/logo\/image\/\",\"url\":\"https:\/\/apaarti.id\/wp-content\/uploads\/2026\/01\/apaarti-id-flag-logo-2.png\",\"contentUrl\":\"https:\/\/apaarti.id\/wp-content\/uploads\/2026\/01\/apaarti-id-flag-logo-2.png\",\"width\":1200,\"height\":300,\"caption\":\"apaarti.id\"},\"image\":{\"@id\":\"https:\/\/apaarti.id\/id\/#\/schema\/logo\/image\/\"}}]}<\/script>\n<!-- \/ Yoast SEO plugin. -->","yoast_head_json":{"title":"tweak - apaarti.id","robots":{"index":"index","follow":"follow","max-snippet":"max-snippet:-1","max-image-preview":"max-image-preview:large","max-video-preview":"max-video-preview:-1"},"canonical":"https:\/\/apaarti.id\/id\/tweak-3\/","og_locale":"id_ID","og_type":"article","og_title":"kniebiens - apaarti.id","og_description":"kniebiens:\u00a0vienreiz\u0113ja paveikta darb\u012bba \u2192 kniebt (1) &nbsp; Lietojums:\u00a0Nenoteikts Tips:\u00a0Galvenais V\u0101rd\u0161\u0137ira:\u00a0Lietv\u0101rds","og_url":"https:\/\/apaarti.id\/id\/tweak-3\/","og_site_name":"apaarti.id","twitter_card":"summary_large_image","schema":{"@context":"https:\/\/schema.org","@graph":[{"@type":"WebPage","@id":"https:\/\/apaarti.id\/id\/kniebiens\/","url":"https:\/\/apaarti.id\/id\/kniebiens\/","name":"tweak - apaarti.id","isPartOf":{"@id":"https:\/\/apaarti.id\/id\/#website"},"datePublished":"2026-02-13T04:04:19+00:00","breadcrumb":{"@id":"https:\/\/apaarti.id\/id\/kniebiens\/#breadcrumb"},"inLanguage":"id","potentialAction":[{"@type":"ReadAction","target":["https:\/\/apaarti.id\/id\/kniebiens\/"]}]},{"@type":"BreadcrumbList","@id":"https:\/\/apaarti.id\/id\/kniebiens\/#breadcrumb","itemListElement":[{"@type":"ListItem","position":1,"name":"Home","item":"https:\/\/apaarti.id\/id\/"},{"@type":"ListItem","position":2,"name":"kniebiens"}]},{"@type":"WebSite","@id":"https:\/\/apaarti.id\/id\/#website","url":"https:\/\/apaarti.id\/id\/","name":"apaarti.id","description":"Arti kata","publisher":{"@id":"https:\/\/apaarti.id\/id\/#organization"},"potentialAction":[{"@type":"SearchAction","target":{"@type":"EntryPoint","urlTemplate":"https:\/\/apaarti.id\/id\/?s={search_term_string}"},"query-input":{"@type":"PropertyValueSpecification","valueRequired":true,"valueName":"search_term_string"}}],"inLanguage":"id"},{"@type":"Organization","@id":"https:\/\/apaarti.id\/id\/#organization","name":"apaarti.id","url":"https:\/\/apaarti.id\/id\/","logo":{"@type":"ImageObject","inLanguage":"id","@id":"https:\/\/apaarti.id\/id\/#\/schema\/logo\/image\/","url":"https:\/\/apaarti.id\/wp-content\/uploads\/2026\/01\/apaarti-id-flag-logo-2.png","contentUrl":"https:\/\/apaarti.id\/wp-content\/uploads\/2026\/01\/apaarti-id-flag-logo-2.png","width":1200,"height":300,"caption":"apaarti.id"},"image":{"@id":"https:\/\/apaarti.id\/id\/#\/schema\/logo\/image\/"}}]}},"_links":{"self":[{"href":"https:\/\/apaarti.id\/id\/wp-json\/wp\/v2\/pages\/130672","targetHints":{"allow":["GET"]}}],"collection":[{"href":"https:\/\/apaarti.id\/id\/wp-json\/wp\/v2\/pages"}],"about":[{"href":"https:\/\/apaarti.id\/id\/wp-json\/wp\/v2\/types\/page"}],"author":[{"embeddable":true,"href":"https:\/\/apaarti.id\/id\/wp-json\/wp\/v2\/users\/1"}],"replies":[{"embeddable":true,"href":"https:\/\/apaarti.id\/id\/wp-json\/wp\/v2\/comments?post=130672"}],"version-history":[{"count":0,"href":"https:\/\/apaarti.id\/id\/wp-json\/wp\/v2\/pages\/130672\/revisions"}],"wp:attachment":[{"href":"https:\/\/apaarti.id\/id\/wp-json\/wp\/v2\/media?parent=130672"}],"wp:term":[{"taxonomy":"vardnica","embeddable":true,"href":"https:\/\/apaarti.id\/id\/wp-json\/wp\/v2\/vardnica?post=130672"}],"curies":[{"name":"wp","href":"https:\/\/api.w.org\/{rel}","templated":true}]}}